{"id":39,"date":"2019-09-09T15:54:17","date_gmt":"2019-09-09T15:54:17","guid":{"rendered":"https:\/\/www.mendesrodrigues.pt\/mr\/?page_id=39"},"modified":"2020-12-03T16:09:31","modified_gmt":"2020-12-03T16:09:31","slug":"blog","status":"publish","type":"page","link":"https:\/\/www.mendesrodrigues.pt\/mr\/blog\/","title":{"rendered":"Blog"},"content":{"rendered":"<div class=\"fusion-fullwidth fullwidth-box fusion-builder-row-1 fusion-flex-container hundred-percent-fullwidth non-hundred-percent-height-scrolling\" style=\"--awb-border-radius-top-left:0px;--awb-border-radius-top-right:0px;--awb-border-radius-bottom-right:0px;--awb-border-radius-bottom-left:0px;--awb-padding-right:6%;--awb-padding-bottom:2%;--awb-padding-left:6%;--awb-flex-wrap:wrap;\" ><div class=\"fusion-builder-row fusion-row fusion-flex-align-items-flex-start fusion-flex-content-wrap\" style=\"width:104% !important;max-width:104% !important;margin-left: calc(-4% \/ 2 );margin-right: calc(-4% \/ 2 );\"><div class=\"fusion-layout-column fusion_builder_column fusion-builder-column-0 fusion_builder_column_3_4 3_4 fusion-flex-column\" style=\"--awb-bg-size:cover;--awb-width-large:75%;--awb-margin-top-large:10px;--awb-spacing-right-large:3.84%;--awb-margin-bottom-large:10px;--awb-spacing-left-large:2.56%;--awb-width-medium:100%;--awb-spacing-right-medium:1.92%;--awb-spacing-left-medium:1.92%;--awb-width-small:100%;--awb-spacing-right-small:1.92%;--awb-spacing-left-small:1.92%;\"><div class=\"fusion-column-wrapper fusion-column-has-shadow fusion-flex-justify-content-flex-start fusion-content-layout-column\"><div class=\"fusion-blog-shortcode fusion-blog-shortcode-1 fusion-blog-archive fusion-blog-layout-grid-wrapper fusion-blog-infinite fusion-blog-layout-center\"><style type=\"text\/css\">.fusion-blog-shortcode-1 .fusion-blog-layout-grid .fusion-post-grid{padding:23px;}.fusion-blog-shortcode-1 .fusion-posts-container{margin-left: -23px !important; margin-right:-23px !important;}<\/style><div class=\"fusion-posts-container fusion-posts-container-infinite fusion-blog-rollover fusion-blog-layout-grid fusion-blog-layout-grid-2 isotope fusion-blog-equal-heights\" data-pages=\"1\" data-grid-col-space=\"46\" style=\"margin: -23px -23px 0;min-height:500px;\"><article id=\"blog-1-post-21529\" class=\"fusion-post-grid post-21529 post type-post status-publish format-standard has-post-thumbnail hentry category-premios-e-distincoes\">\n<div class=\"fusion-post-wrapper\" style=\"background-color:rgba(255,255,255,0);border:1px solid #eaeaea;border-bottom-width:3px;\">\n\n\t\t\t<div class=\"fusion-flexslider flexslider fusion-flexslider-loading fusion-post-slideshow\" style=\"border-color:#eaeaea;\">\n\t\t<ul class=\"slides\">\n\t\t\t\n\t\t\t\t\t\t\t\t\t\t\t\t\t\t<li><div  class=\"fusion-image-wrapper\" aria-haspopup=\"true\">\n\t\t\t\t<img decoding=\"async\" width=\"1920\" height=\"2560\" src=\"https:\/\/www.mendesrodrigues.pt\/mr\/wp-content\/uploads\/2025\/02\/Design-sem-nome-3-2-2.png\" class=\"attachment-full size-full wp-post-image\" alt=\"PME L\u00cdDER\" srcset=\"https:\/\/www.mendesrodrigues.pt\/mr\/wp-content\/uploads\/2025\/02\/Design-sem-nome-3-2-2-200x267.png 200w, https:\/\/www.mendesrodrigues.pt\/mr\/wp-content\/uploads\/2025\/02\/Design-sem-nome-3-2-2-400x533.png 400w, https:\/\/www.mendesrodrigues.pt\/mr\/wp-content\/uploads\/2025\/02\/Design-sem-nome-3-2-2-600x800.png 600w, https:\/\/www.mendesrodrigues.pt\/mr\/wp-content\/uploads\/2025\/02\/Design-sem-nome-3-2-2-800x1067.png 800w, https:\/\/www.mendesrodrigues.pt\/mr\/wp-content\/uploads\/2025\/02\/Design-sem-nome-3-2-2-1200x1600.png 1200w, https:\/\/www.mendesrodrigues.pt\/mr\/wp-content\/uploads\/2025\/02\/Design-sem-nome-3-2-2.png 1920w\" sizes=\"(min-width: 1299px) 50vw, (min-width: 2200px) 100vw, (min-width: 732px) 824px, (min-width: 640px) 732px, \" \/><div class=\"fusion-rollover\">\n\t<div class=\"fusion-rollover-content\">\n\n\t\t\t\t\t\t\t\t\t\t\t\t\t\t<a class=\"fusion-rollover-link\" href=\"https:\/\/www.mendesrodrigues.pt\/mr\/2025\/02\/26\/pme-lider-2024\/\">Mendes &#038; Rodrigues, Lda. distinguida como PME L\u00edder 2024<\/a>\n\t\t\t\n\t\t\t\t\t\t\t\t\n\t\t\n\t\t\t\t\t\t\t\t\t\t\t\t<h4 class=\"fusion-rollover-title\">\n\t\t\t\t\t<a class=\"fusion-rollover-title-link\" href=\"https:\/\/www.mendesrodrigues.pt\/mr\/2025\/02\/26\/pme-lider-2024\/\">\n\t\t\t\t\t\tMendes &#038; Rodrigues, Lda. distinguida como PME L\u00edder 2024\t\t\t\t\t<\/a>\n\t\t\t\t<\/h4>\n\t\t\t\n\t\t\t\t\t\t\t\t\n\t\t\n\t\t\t\t\t\t<a class=\"fusion-link-wrapper\" href=\"https:\/\/www.mendesrodrigues.pt\/mr\/2025\/02\/26\/pme-lider-2024\/\" aria-label=\"Mendes &#038; Rodrigues, Lda. distinguida como PME L\u00edder 2024\"><\/a>\n\t<\/div>\n<\/div>\n<\/div>\n<\/li>\n\t\t\t\n\t\t\t\n\t\t\t\t\t\t\t\t\t\t\t\t\t\t\t\t\t\t\t\t\t\t\t\t\t\t\t\t\t\t\t\t\t\t\t\t\t\t\t\t\t\t\t\t\t\t\t\t\t\t\t\t\t\t\t\t\t\t\t\t\t\t\t\t\t\t\t\t<\/ul>\n\t<\/div>\n\t<div class=\"fusion-post-content-wrapper\" style=\"padding:30px 25px 20px 25px;\"><div class=\"fusion-post-content post-content\"><h2 class=\"blog-shortcode-post-title entry-title\"><a href=\"https:\/\/www.mendesrodrigues.pt\/mr\/2025\/02\/26\/pme-lider-2024\/\">Mendes &#038; Rodrigues, Lda. distinguida como PME L\u00edder 2024<\/a><\/h2><p class=\"fusion-single-line-meta\"><span class=\"vcard\" style=\"display: none;\"><span class=\"fn\"><a href=\"https:\/\/www.mendesrodrigues.pt\/mr\/author\/admin\/\" title=\"Artigos de admin\" rel=\"author\">admin<\/a><\/span><\/span><span class=\"updated\" style=\"display:none;\">2025-03-02T12:16:46+00:00<\/span><span>Fevereiro 26th, 2025<\/span><span class=\"fusion-inline-sep\">|<\/span><a href=\"https:\/\/www.mendesrodrigues.pt\/mr\/category\/premios-e-distincoes\/\" rel=\"category tag\">Pr\u00e9mios e Distin\u00e7\u00f5es<\/a><span class=\"fusion-inline-sep\">|<\/span><\/p><div class=\"fusion-content-sep sep-single sep-solid\"><\/div><div class=\"fusion-post-content-container\"><p>Mendes &amp; Rodrigues, Lda distinguida como PME L\u00edder 2024 Compromisso<\/p><\/div><\/div><div class=\"fusion-meta-info\"><div class=\"fusion-alignleft\"><a class=\"fusion-read-more\" href=\"https:\/\/www.mendesrodrigues.pt\/mr\/2025\/02\/26\/pme-lider-2024\/\" aria-label=\"More on Mendes &#038; Rodrigues, Lda. distinguida como PME L\u00edder 2024\">Read More<\/a><\/div><div class=\"fusion-alignright\"><a href=\"https:\/\/www.mendesrodrigues.pt\/mr\/2025\/02\/26\/pme-lider-2024\/#respond\"><i class=\"awb-icon-bubbles\" aria-hidden=\"true\"><\/i>&nbsp;0<\/a><\/div><\/div><\/div><div class=\"fusion-clearfix\"><\/div><\/div>\n<\/article>\n<article id=\"blog-1-post-1\" class=\"fusion-post-grid post-1 post type-post status-publish format-standard has-post-thumbnail hentry category-projetos tag-bloco-leca tag-infinity-tower tag-lisboa\">\n<div class=\"fusion-post-wrapper\" style=\"background-color:rgba(255,255,255,0);border:1px solid #eaeaea;border-bottom-width:3px;\">\n\n\t\t\t<div class=\"fusion-flexslider flexslider fusion-flexslider-loading fusion-post-slideshow\" style=\"border-color:#eaeaea;\">\n\t\t<ul class=\"slides\">\n\t\t\t\n\t\t\t\t\t\t\t\t\t\t\t\t\t\t<li><div  class=\"fusion-image-wrapper\" aria-haspopup=\"true\">\n\t\t\t\t<img decoding=\"async\" width=\"1920\" height=\"2560\" src=\"https:\/\/www.mendesrodrigues.pt\/mr\/wp-content\/uploads\/2024\/07\/infinity-tower-2-2-scaled.jpg\" class=\"attachment-full size-full wp-post-image\" alt=\"Infinity Tower Lisboa\" srcset=\"https:\/\/www.mendesrodrigues.pt\/mr\/wp-content\/uploads\/2024\/07\/infinity-tower-2-2-200x267.jpg 200w, https:\/\/www.mendesrodrigues.pt\/mr\/wp-content\/uploads\/2024\/07\/infinity-tower-2-2-400x533.jpg 400w, https:\/\/www.mendesrodrigues.pt\/mr\/wp-content\/uploads\/2024\/07\/infinity-tower-2-2-600x800.jpg 600w, https:\/\/www.mendesrodrigues.pt\/mr\/wp-content\/uploads\/2024\/07\/infinity-tower-2-2-800x1067.jpg 800w, https:\/\/www.mendesrodrigues.pt\/mr\/wp-content\/uploads\/2024\/07\/infinity-tower-2-2-1200x1600.jpg 1200w, https:\/\/www.mendesrodrigues.pt\/mr\/wp-content\/uploads\/2024\/07\/infinity-tower-2-2-scaled.jpg 1920w\" sizes=\"(min-width: 1299px) 50vw, (min-width: 2200px) 100vw, (min-width: 732px) 824px, (min-width: 640px) 732px, \" \/><div class=\"fusion-rollover\">\n\t<div class=\"fusion-rollover-content\">\n\n\t\t\t\t\t\t\t\t\t\t\t\t\t\t<a class=\"fusion-rollover-link\" href=\"https:\/\/www.mendesrodrigues.pt\/mr\/2024\/07\/15\/infinity-tower\/\">Infinity Tower &#8211; Um \u00cdcone de Luxo e Inova\u00e7\u00e3o na Constru\u00e7\u00e3o<\/a>\n\t\t\t\n\t\t\t\t\t\t\t\t\n\t\t\n\t\t\t\t\t\t\t\t\t\t\t\t<h4 class=\"fusion-rollover-title\">\n\t\t\t\t\t<a class=\"fusion-rollover-title-link\" href=\"https:\/\/www.mendesrodrigues.pt\/mr\/2024\/07\/15\/infinity-tower\/\">\n\t\t\t\t\t\tInfinity Tower &#8211; Um \u00cdcone de Luxo e Inova\u00e7\u00e3o na Constru\u00e7\u00e3o\t\t\t\t\t<\/a>\n\t\t\t\t<\/h4>\n\t\t\t\n\t\t\t\t\t\t\t\t\n\t\t\n\t\t\t\t\t\t<a class=\"fusion-link-wrapper\" href=\"https:\/\/www.mendesrodrigues.pt\/mr\/2024\/07\/15\/infinity-tower\/\" aria-label=\"Infinity Tower &#8211; Um \u00cdcone de Luxo e Inova\u00e7\u00e3o na Constru\u00e7\u00e3o\"><\/a>\n\t<\/div>\n<\/div>\n<\/div>\n<\/li>\n\t\t\t\n\t\t\t\n\t\t\t\t\t\t\t\t\t\t\t\t\t\t\t\t\t\t\t\t\t\t\t\t\t\t\t\t\t\t\t\t\t\t\t\t\t\t\t\t\t\t\t\t\t\t\t\t\t\t\t\t\t\t\t\t\t\t\t\t\t\t\t\t\t\t\t\t<\/ul>\n\t<\/div>\n\t<div class=\"fusion-post-content-wrapper\" style=\"padding:30px 25px 20px 25px;\"><div class=\"fusion-post-content post-content\"><h2 class=\"blog-shortcode-post-title entry-title\"><a href=\"https:\/\/www.mendesrodrigues.pt\/mr\/2024\/07\/15\/infinity-tower\/\">Infinity Tower &#8211; Um \u00cdcone de Luxo e Inova\u00e7\u00e3o na Constru\u00e7\u00e3o<\/a><\/h2><p class=\"fusion-single-line-meta\"><span class=\"vcard\" style=\"display: none;\"><span class=\"fn\"><a href=\"https:\/\/www.mendesrodrigues.pt\/mr\/author\/admin\/\" title=\"Artigos de admin\" rel=\"author\">admin<\/a><\/span><\/span><span class=\"updated\" style=\"display:none;\">2025-03-02T11:25:36+00:00<\/span><span>Julho 15th, 2024<\/span><span class=\"fusion-inline-sep\">|<\/span><a href=\"https:\/\/www.mendesrodrigues.pt\/mr\/category\/projetos\/\" rel=\"category tag\">Projetos<\/a><span class=\"fusion-inline-sep\">|<\/span><\/p><div class=\"fusion-content-sep sep-single sep-solid\"><\/div><div class=\"fusion-post-content-container\"><p>Infinity Tower - Um \u00cdcone de Luxo e Inova\u00e7\u00e3o na<\/p><\/div><\/div><div class=\"fusion-meta-info\"><div class=\"fusion-alignleft\"><a class=\"fusion-read-more\" href=\"https:\/\/www.mendesrodrigues.pt\/mr\/2024\/07\/15\/infinity-tower\/\" aria-label=\"More on Infinity Tower &#8211; Um \u00cdcone de Luxo e Inova\u00e7\u00e3o na Constru\u00e7\u00e3o\">Read More<\/a><\/div><div class=\"fusion-alignright\"><a href=\"https:\/\/www.mendesrodrigues.pt\/mr\/2024\/07\/15\/infinity-tower\/#respond\"><i class=\"awb-icon-bubbles\" aria-hidden=\"true\"><\/i>&nbsp;0<\/a><\/div><\/div><\/div><div class=\"fusion-clearfix\"><\/div><\/div>\n<\/article>\n<div class=\"fusion-clearfix\"><\/div><\/div><\/div><\/div><\/div><div class=\"fusion-layout-column fusion_builder_column fusion-builder-column-1 fusion_builder_column_1_4 1_4 fusion-flex-column\" style=\"--awb-bg-size:cover;--awb-width-large:25%;--awb-margin-top-large:10px;--awb-spacing-right-large:7.68%;--awb-margin-bottom-large:15px;--awb-spacing-left-large:3.84%;--awb-width-medium:100%;--awb-spacing-right-medium:1.92%;--awb-spacing-left-medium:1.92%;--awb-width-small:100%;--awb-spacing-right-small:1.92%;--awb-spacing-left-small:1.92%;\"><div class=\"fusion-column-wrapper fusion-column-has-shadow fusion-flex-justify-content-flex-start fusion-content-layout-column\"><div class=\"fusion-widget-area awb-widget-area-element fusion-widget-area-1 fusion-content-widget-area\" style=\"--awb-title-size:15px;--awb-title-color:#2b2e32;--awb-padding:0px 0px 0px 0px;\"><section id=\"search-2\" class=\"widget widget_search\">\t\t<form role=\"search\" class=\"searchform fusion-search-form  fusion-search-form-classic\" method=\"get\" action=\"https:\/\/www.mendesrodrigues.pt\/mr\/\">\n\t\t\t<div class=\"fusion-search-form-content\">\n\n\t\t\t\t\n\t\t\t\t<div class=\"fusion-search-field search-field\">\n\t\t\t\t\t<label><span class=\"screen-reader-text\">Pesquisar<\/span>\n\t\t\t\t\t\t\t\t\t\t\t\t\t<input type=\"search\" value=\"\" name=\"s\" class=\"s\" placeholder=\"Pesquisar...\" required aria-required=\"true\" aria-label=\"Pesquisar...\"\/>\n\t\t\t\t\t\t\t\t\t\t\t<\/label>\n\t\t\t\t<\/div>\n\t\t\t\t<div class=\"fusion-search-button search-button\">\n\t\t\t\t\t<input type=\"submit\" class=\"fusion-search-submit searchsubmit\" aria-label=\"Pesquisar\" value=\"&#xf002;\" \/>\n\t\t\t\t\t\t\t\t\t<\/div>\n\n\t\t\t\t\n\t\t\t<\/div>\n\n\n\t\t\t\n\t\t<\/form>\n\t\t<\/section>\n\t\t<section id=\"recent-posts-2\" class=\"widget widget_recent_entries\">\n\t\t<div class=\"heading\"><h4 class=\"widget-title\">Artigos recentes<\/h4><\/div>\n\t\t<ul>\n\t\t\t\t\t\t\t\t\t\t\t<li>\n\t\t\t\t\t<a href=\"https:\/\/www.mendesrodrigues.pt\/mr\/2025\/02\/26\/pme-lider-2024\/\">Mendes &#038; Rodrigues, Lda. distinguida como PME L\u00edder 2024<\/a>\n\t\t\t\t\t\t\t\t\t<\/li>\n\t\t\t\t\t\t\t\t\t\t\t<li>\n\t\t\t\t\t<a href=\"https:\/\/www.mendesrodrigues.pt\/mr\/2024\/07\/15\/infinity-tower\/\">Infinity Tower &#8211; Um \u00cdcone de Luxo e Inova\u00e7\u00e3o na Constru\u00e7\u00e3o<\/a>\n\t\t\t\t\t\t\t\t\t<\/li>\n\t\t\t\t\t<\/ul>\n\n\t\t<\/section><section id=\"pyre_tabs-widget-2\" class=\"widget fusion-tabs-widget\">\t\t<div class=\"fusion-tabs-widget-wrapper fusion-tabs-widget-3 fusion-tabs-classic fusion-tabs-image-default tab-holder\">\n\t\t\t<nav class=\"fusion-tabs-nav\">\n\t\t\t\t<ul class=\"tabset tabs\">\n\n\t\t\t\t\t\t\t\t\t\t\t<li class=\"active\"><a href=\"#\" data-link=\"fusion-tab-popular\">Popular<\/a><\/li>\n\t\t\t\t\t\n\t\t\t\t\t\t\t\t\t\t\t<li><a href=\"#\" data-link=\"fusion-tab-recent\">Recente<\/a><\/li>\n\t\t\t\t\t\n\t\t\t\t\t\t\t\t\t\t\t<li><a href=\"#\" data-link=\"fusion-tab-comments\"><span class=\"awb-icon-bubbles\"><\/span><span class=\"screen-reader-text\">Coment\u00e1rios<\/span><\/a><\/li>\n\t\t\t\t\t\n\t\t\t\t<\/ul>\n\t\t\t<\/nav>\n\n\t\t\t<div class=\"fusion-tabs-widget-content tab-box tabs-container\">\n\n\t\t\t\t\n\t\t\t\t\t<div class=\"fusion-tab-popular fusion-tab-content tab tab_content\" data-name=\"fusion-tab-popular\">\n\t\t\t\t\t\t\n\t\t\t\t\t\t<ul class=\"fusion-tabs-widget-items news-list\">\n\t\t\t\t\t\t\t\t\t\t\t\t\t\t\t\t\t\t\t\t\t\t\t\t\t\t\t\t\t\t\t\t\t<li>\n\t\t\t\t\t\t\t\t\t\t\t\t\t\t\t\t\t\t\t\t\t<div class=\"image\">\n\t\t\t\t\t\t\t\t\t\t\t\t<a href=\"https:\/\/www.mendesrodrigues.pt\/mr\/2024\/07\/15\/infinity-tower\/\" aria-label=\"Infinity Tower &#8211; Um \u00cdcone de Luxo e Inova\u00e7\u00e3o na Constru\u00e7\u00e3o\"><img decoding=\"async\" width=\"66\" height=\"66\" src=\"https:\/\/www.mendesrodrigues.pt\/mr\/wp-content\/uploads\/2024\/07\/infinity-tower-2-2-66x66.jpg\" class=\"attachment-recent-works-thumbnail size-recent-works-thumbnail wp-post-image\" alt=\"Infinity Tower Lisboa\" srcset=\"https:\/\/www.mendesrodrigues.pt\/mr\/wp-content\/uploads\/2024\/07\/infinity-tower-2-2-66x66.jpg 66w, https:\/\/www.mendesrodrigues.pt\/mr\/wp-content\/uploads\/2024\/07\/infinity-tower-2-2-100x100.jpg 100w, https:\/\/www.mendesrodrigues.pt\/mr\/wp-content\/uploads\/2024\/07\/infinity-tower-2-2-150x150.jpg 150w\" sizes=\"(max-width: 66px) 100vw, 66px\" \/><\/a>\n\t\t\t\t\t\t\t\t\t\t\t<\/div>\n\t\t\t\t\t\t\t\t\t\t\n\t\t\t\t\t\t\t\t\t\t<div class=\"post-holder\">\n\t\t\t\t\t\t\t\t\t\t\t<a href=\"https:\/\/www.mendesrodrigues.pt\/mr\/2024\/07\/15\/infinity-tower\/\">Infinity Tower &#8211; Um \u00cdcone de Luxo e Inova\u00e7\u00e3o na Constru\u00e7\u00e3o<\/a>\n\t\t\t\t\t\t\t\t\t\t\t<div class=\"fusion-meta\">\n\t\t\t\t\t\t\t\t\t\t\t\tJulho 15th, 2024\t\t\t\t\t\t\t\t\t\t\t<\/div>\n\t\t\t\t\t\t\t\t\t\t<\/div>\n\t\t\t\t\t\t\t\t\t<\/li>\n\t\t\t\t\t\t\t\t\t\t\t\t\t\t\t\t\t\t\t\t\t\t\t\t\t\t<li>\n\t\t\t\t\t\t\t\t\t\t\t\t\t\t\t\t\t\t\t\t\t<div class=\"image\">\n\t\t\t\t\t\t\t\t\t\t\t\t<a href=\"https:\/\/www.mendesrodrigues.pt\/mr\/2025\/02\/26\/pme-lider-2024\/\" aria-label=\"Mendes &#038; Rodrigues, Lda. distinguida como PME L\u00edder 2024\"><img decoding=\"async\" width=\"66\" height=\"66\" src=\"https:\/\/www.mendesrodrigues.pt\/mr\/wp-content\/uploads\/2025\/02\/Design-sem-nome-3-2-2-66x66.png\" class=\"attachment-recent-works-thumbnail size-recent-works-thumbnail wp-post-image\" alt=\"PME L\u00cdDER\" srcset=\"https:\/\/www.mendesrodrigues.pt\/mr\/wp-content\/uploads\/2025\/02\/Design-sem-nome-3-2-2-66x66.png 66w, https:\/\/www.mendesrodrigues.pt\/mr\/wp-content\/uploads\/2025\/02\/Design-sem-nome-3-2-2-100x100.png 100w, https:\/\/www.mendesrodrigues.pt\/mr\/wp-content\/uploads\/2025\/02\/Design-sem-nome-3-2-2-150x150.png 150w\" sizes=\"(max-width: 66px) 100vw, 66px\" \/><\/a>\n\t\t\t\t\t\t\t\t\t\t\t<\/div>\n\t\t\t\t\t\t\t\t\t\t\n\t\t\t\t\t\t\t\t\t\t<div class=\"post-holder\">\n\t\t\t\t\t\t\t\t\t\t\t<a href=\"https:\/\/www.mendesrodrigues.pt\/mr\/2025\/02\/26\/pme-lider-2024\/\">Mendes &#038; Rodrigues, Lda. distinguida como PME L\u00edder 2024<\/a>\n\t\t\t\t\t\t\t\t\t\t\t<div class=\"fusion-meta\">\n\t\t\t\t\t\t\t\t\t\t\t\tFevereiro 26th, 2025\t\t\t\t\t\t\t\t\t\t\t<\/div>\n\t\t\t\t\t\t\t\t\t\t<\/div>\n\t\t\t\t\t\t\t\t\t<\/li>\n\t\t\t\t\t\t\t\t\n\t\t\t\t\t\t\t\t\t\t\t\t\t\t\t\t\t\t\t\t\t<\/ul>\n\t\t\t\t\t<\/div>\n\n\t\t\t\t\n\t\t\t\t\n\t\t\t\t\t<div class=\"fusion-tab-recent fusion-tab-content tab tab_content\" data-name=\"fusion-tab-recent\" style=\"display: none;\">\n\n\t\t\t\t\t\t\n\t\t\t\t\t\t<ul class=\"fusion-tabs-widget-items news-list\">\n\t\t\t\t\t\t\t\t\t\t\t\t\t\t\t\t\t\t\t\t\t\t\t\t\t\t\t\t\t\t\t\t\t<li>\n\t\t\t\t\t\t\t\t\t\t\t\t\t\t\t\t\t\t\t\t\t<div class=\"image\">\n\t\t\t\t\t\t\t\t\t\t\t\t<a href=\"https:\/\/www.mendesrodrigues.pt\/mr\/2025\/02\/26\/pme-lider-2024\/\" aria-label=\"Mendes &#038; Rodrigues, Lda. distinguida como PME L\u00edder 2024\"><img decoding=\"async\" width=\"66\" height=\"66\" src=\"https:\/\/www.mendesrodrigues.pt\/mr\/wp-content\/uploads\/2025\/02\/Design-sem-nome-3-2-2-66x66.png\" class=\"attachment-recent-works-thumbnail size-recent-works-thumbnail wp-post-image\" alt=\"PME L\u00cdDER\" srcset=\"https:\/\/www.mendesrodrigues.pt\/mr\/wp-content\/uploads\/2025\/02\/Design-sem-nome-3-2-2-66x66.png 66w, https:\/\/www.mendesrodrigues.pt\/mr\/wp-content\/uploads\/2025\/02\/Design-sem-nome-3-2-2-100x100.png 100w, https:\/\/www.mendesrodrigues.pt\/mr\/wp-content\/uploads\/2025\/02\/Design-sem-nome-3-2-2-150x150.png 150w\" sizes=\"(max-width: 66px) 100vw, 66px\" \/><\/a>\n\t\t\t\t\t\t\t\t\t\t\t<\/div>\n\t\t\t\t\t\t\t\t\t\t\t\t\t\t\t\t\t\t\t\t<div class=\"post-holder\">\n\t\t\t\t\t\t\t\t\t\t\t<a href=\"https:\/\/www.mendesrodrigues.pt\/mr\/2025\/02\/26\/pme-lider-2024\/\">Mendes &#038; Rodrigues, Lda. distinguida como PME L\u00edder 2024<\/a>\n\t\t\t\t\t\t\t\t\t\t\t<div class=\"fusion-meta\">\n\t\t\t\t\t\t\t\t\t\t\t\tFevereiro 26th, 2025\t\t\t\t\t\t\t\t\t\t\t<\/div>\n\t\t\t\t\t\t\t\t\t\t<\/div>\n\t\t\t\t\t\t\t\t\t<\/li>\n\t\t\t\t\t\t\t\t\t\t\t\t\t\t\t\t\t\t\t\t\t\t\t\t\t\t<li>\n\t\t\t\t\t\t\t\t\t\t\t\t\t\t\t\t\t\t\t\t\t<div class=\"image\">\n\t\t\t\t\t\t\t\t\t\t\t\t<a href=\"https:\/\/www.mendesrodrigues.pt\/mr\/2024\/07\/15\/infinity-tower\/\" aria-label=\"Infinity Tower &#8211; Um \u00cdcone de Luxo e Inova\u00e7\u00e3o na Constru\u00e7\u00e3o\"><img decoding=\"async\" width=\"66\" height=\"66\" src=\"https:\/\/www.mendesrodrigues.pt\/mr\/wp-content\/uploads\/2024\/07\/infinity-tower-2-2-66x66.jpg\" class=\"attachment-recent-works-thumbnail size-recent-works-thumbnail wp-post-image\" alt=\"Infinity Tower Lisboa\" srcset=\"https:\/\/www.mendesrodrigues.pt\/mr\/wp-content\/uploads\/2024\/07\/infinity-tower-2-2-66x66.jpg 66w, https:\/\/www.mendesrodrigues.pt\/mr\/wp-content\/uploads\/2024\/07\/infinity-tower-2-2-100x100.jpg 100w, https:\/\/www.mendesrodrigues.pt\/mr\/wp-content\/uploads\/2024\/07\/infinity-tower-2-2-150x150.jpg 150w\" sizes=\"(max-width: 66px) 100vw, 66px\" \/><\/a>\n\t\t\t\t\t\t\t\t\t\t\t<\/div>\n\t\t\t\t\t\t\t\t\t\t\t\t\t\t\t\t\t\t\t\t<div class=\"post-holder\">\n\t\t\t\t\t\t\t\t\t\t\t<a href=\"https:\/\/www.mendesrodrigues.pt\/mr\/2024\/07\/15\/infinity-tower\/\">Infinity Tower &#8211; Um \u00cdcone de Luxo e Inova\u00e7\u00e3o na Constru\u00e7\u00e3o<\/a>\n\t\t\t\t\t\t\t\t\t\t\t<div class=\"fusion-meta\">\n\t\t\t\t\t\t\t\t\t\t\t\tJulho 15th, 2024\t\t\t\t\t\t\t\t\t\t\t<\/div>\n\t\t\t\t\t\t\t\t\t\t<\/div>\n\t\t\t\t\t\t\t\t\t<\/li>\n\t\t\t\t\t\t\t\t\t\t\t\t\t\t\t\t\t\t\t\t\t\t\t\t\t\t\t\t\t<\/ul>\n\t\t\t\t\t<\/div>\n\t\t\t\t\n\t\t\t\t\n\t\t\t\t\t<div class=\"fusion-tab-comments tab fusion-tab-content tab_content\" data-name=\"fusion-tab-comments\" style=\"display: none;\">\n\t\t\t\t\t\t<ul class=\"fusion-tabs-widget-items news-list\">\n\t\t\t\t\t\t\t\n\t\t\t\t\t\t\t\t\t\t\t\t\t\t\t<li>Sem coment\u00e1rios publicados.<\/li>\n\t\t\t\t\t\t\t\t\t\t\t\t\t<\/ul>\n\t\t\t\t\t<\/div>\n\n\t\t\t\t\t\t\t<\/div>\n\t\t<\/div>\n\t\t<\/section><section id=\"categories-3\" class=\"widget widget_categories\"><div class=\"heading\"><h4 class=\"widget-title\">Categorias<\/h4><\/div>\n\t\t\t<ul>\n\t\t\t\t\t<li class=\"cat-item cat-item-216\"><a href=\"https:\/\/www.mendesrodrigues.pt\/mr\/category\/premios-e-distincoes\/\">Pr\u00e9mios e Distin\u00e7\u00f5es<\/a>\n<\/li>\n\t<li class=\"cat-item cat-item-1\"><a href=\"https:\/\/www.mendesrodrigues.pt\/mr\/category\/projetos\/\">Projetos<\/a>\n<\/li>\n\t\t\t<\/ul>\n\n\t\t\t<\/section><section id=\"facebook-like-widget-2\" class=\"widget facebook_like\"><div class=\"heading\"><h4 class=\"widget-title\">Find us on Facebook<\/h4><\/div>\n\t\t\t\t\t\t\t\t\t\t\t\t<script>\n\t\t\t\n\t\t\t\t\twindow.fbAsyncInit = function() {\n\t\t\t\t\t\tfusion_resize_page_widget();\n\n\t\t\t\t\t\tjQuery( window ).on( 'resize', function() {\n\t\t\t\t\t\t\tfusion_resize_page_widget();\n\t\t\t\t\t\t});\n\n\t\t\t\t\t\tfunction fusion_resize_page_widget() {\n\t\t\t\t\t\t\tvar availableSpace     = jQuery( '.facebook-like-widget-2' ).width(),\n\t\t\t\t\t\t\t\tlastAvailableSPace = jQuery( '.facebook-like-widget-2 .fb-page' ).attr( 'data-width' ),\n\t\t\t\t\t\t\t\tmaxWidth           = 268;\n\n\t\t\t\t\t\t\tif ( 1 > availableSpace ) {\n\t\t\t\t\t\t\t\tavailableSpace = maxWidth;\n\t\t\t\t\t\t\t}\n\n\t\t\t\t\t\t\tif ( availableSpace != lastAvailableSPace && availableSpace != maxWidth ) {\n\t\t\t\t\t\t\t\tif ( maxWidth < availableSpace ) {\n\t\t\t\t\t\t\t\t\tavailableSpace = maxWidth;\n\t\t\t\t\t\t\t\t}\n\t\t\t\t\t\t\t\tjQuery('.facebook-like-widget-2 .fb-page' ).attr( 'data-width', Math.floor( availableSpace ) );\n\t\t\t\t\t\t\t\tif ( 'undefined' !== typeof FB ) {\n\t\t\t\t\t\t\t\t\tFB.XFBML.parse();\n\t\t\t\t\t\t\t\t}\n\t\t\t\t\t\t\t}\n\t\t\t\t\t\t}\n\t\t\t\t\t};\n\n\t\t\t\t\t( function( d, s, id ) {\n\t\t\t\t\t\tvar js,\n\t\t\t\t\t\t\tfjs = d.getElementsByTagName( s )[0];\n\t\t\t\t\t\tif ( d.getElementById( id ) ) {\n\t\t\t\t\t\t\treturn;\n\t\t\t\t\t\t}\n\t\t\t\t\t\tjs     = d.createElement( s );\n\t\t\t\t\t\tjs.id  = id;\n\t\t\t\t\t\tjs.src = \"https:\/\/connect.facebook.net\/pt_PT\/sdk.js#xfbml=1&version=v8.0&appId=\";\n\t\t\t\t\t\tfjs.parentNode.insertBefore( js, fjs );\n\t\t\t\t\t}( document, 'script', 'facebook-jssdk' ) );\n\n\t\t\t\t\t\t\t<\/script>\n\t\t\t\n\t\t\t<div class=\"fb-like-box-container facebook-like-widget-2\" id=\"fb-root\">\n\t\t\t\t<div class=\"fb-page\" data-href=\"https:\/\/www.facebook.com\/pages\/Themefusion\/101565403356430\" data-original-width=\"268\" data-width=\"268\" data-adapt-container-width=\"true\" data-small-header=\"true\" data-height=\"240\" data-hide-cover=\"false\" data-show-facepile=\"true\" data-tabs=\"\"><\/div>\n\t\t\t<\/div>\n\t\t\t<\/section><div class=\"fusion-additional-widget-content\"><\/div><\/div><div class=\"fusion-separator fusion-no-small-visibility fusion-no-medium-visibility fusion-full-width-sep\" style=\"align-self: center;margin-left: auto;margin-right: auto;margin-bottom:30px;width:100%;\"><div class=\"fusion-separator-border sep-single sep-solid\" style=\"--awb-height:20px;--awb-amount:20px;border-color:#eaeaea;border-top-width:1px;\"><\/div><\/div><div class=\"fusion-text fusion-text-1\" style=\"--awb-content-alignment:left;--awb-font-size:13px;--awb-line-height:24px;--awb-letter-spacing:1.5px;--awb-text-font-family:&quot;Rubik&quot;;--awb-text-font-style:normal;--awb-text-font-weight:500;\"><p style=\"text-transform: uppercase;\">Check our latest videos<\/p>\n<\/div><\/div><\/div><\/div><\/div>\n","protected":false},"excerpt":{"rendered":"","protected":false},"author":1,"featured_media":0,"parent":0,"menu_order":0,"comment_status":"closed","ping_status":"closed","template":"100-width.php","meta":{"footnotes":""},"class_list":["post-39","page","type-page","status-publish","hentry"],"aioseo_notices":[],"_links":{"self":[{"href":"https:\/\/www.mendesrodrigues.pt\/mr\/wp-json\/wp\/v2\/pages\/39","targetHints":{"allow":["GET"]}}],"collection":[{"href":"https:\/\/www.mendesrodrigues.pt\/mr\/wp-json\/wp\/v2\/pages"}],"about":[{"href":"https:\/\/www.mendesrodrigues.pt\/mr\/wp-json\/wp\/v2\/types\/page"}],"author":[{"embeddable":true,"href":"https:\/\/www.mendesrodrigues.pt\/mr\/wp-json\/wp\/v2\/users\/1"}],"replies":[{"embeddable":true,"href":"https:\/\/www.mendesrodrigues.pt\/mr\/wp-json\/wp\/v2\/comments?post=39"}],"version-history":[{"count":2,"href":"https:\/\/www.mendesrodrigues.pt\/mr\/wp-json\/wp\/v2\/pages\/39\/revisions"}],"predecessor-version":[{"id":20769,"href":"https:\/\/www.mendesrodrigues.pt\/mr\/wp-json\/wp\/v2\/pages\/39\/revisions\/20769"}],"wp:attachment":[{"href":"https:\/\/www.mendesrodrigues.pt\/mr\/wp-json\/wp\/v2\/media?parent=39"}],"curies":[{"name":"wp","href":"https:\/\/api.w.org\/{rel}","templated":true}]}}