{"id":16419,"date":"2015-09-10T22:13:19","date_gmt":"2015-09-10T22:13:19","guid":{"rendered":"https:\/\/www.mendesrodrigues.pt\/mr\/?post_type=product&#038;p=16419"},"modified":"2021-08-17T15:22:03","modified_gmt":"2021-08-17T15:22:03","slug":"tampa-chamine3030","status":"publish","type":"product","link":"https:\/\/www.mendesrodrigues.pt\/mr\/produto\/tampa-chamine3030\/","title":{"rendered":"Tampa de Chamin\u00e9"},"content":{"rendered":"<p><strong>Descri\u00e7\u00e3o :\u00a0<\/strong>Existente tamb\u00e9m na dimens\u00e3o: 50x20x30<\/p>\n<p><strong>Dimens\u00f5es:<\/strong><br \/>\nComprimento (C): 30 cm<br \/>\nAltura (A): 20 cm<br \/>\nLargura (L): 30 cm<\/p>\n<p><strong>Peso:<\/strong>\u00a039Kg<\/p>\n<p><strong>Vendido em unidades<\/strong><\/p>\n","protected":false},"excerpt":{"rendered":"<p><strong>Dimens\u00f5es:<\/strong><\/p>\n[fusion_checklist icon=\"ok\" iconcolor=\"#aaaaaa\" circle=\"no\"]<\/p>\n<p>[fusion_table fusion_table_type=\"2\" fusion_table_rows=\"\" fusion_table_columns=\"\" hide_on_mobile=\"small-visibility,medium-visibility,large-visibility\" class=\"\" id=\"\" animation_type=\"\" animation_direction=\"left\" animation_speed=\"0.3\" animation_offset=\"\"]<\/p>\n<div class=\"table-1\">\n<table style=\"height: 62px;\" width=\"307\">\n<thead>\n<tr>\n<th align=\"left\">Refer\u00eancia<\/th>\n<th align=\"left\">Designa\u00e7\u00e3o<\/th>\n<\/tr>\n<\/thead>\n<tbody>\n<tr>\n<td align=\"left\">2221<\/td>\n<td align=\"left\">30&#215;30<\/td>\n<\/tr>\n<tr>\n<td align=\"left\">2222<\/td>\n<td align=\"left\">50&#215;50<\/td>\n<\/tr>\n<\/tbody>\n<\/table>\n<\/div>\n<p>[\/fusion_table]<\/p>\n<p>[\/fusion_checklist]\n","protected":false},"featured_media":19974,"template":"","meta":[],"product_brand":[],"product_cat":[15,176,187],"product_tag":[],"class_list":{"0":"post-16419","1":"product","2":"type-product","3":"status-publish","4":"has-post-thumbnail","6":"product_cat-todos","7":"product_cat-condutas-tampas-chamine","8":"product_cat-diversos","10":"first","11":"instock","12":"shipping-taxable","13":"purchasable","14":"product-type-simple"},"aioseo_notices":[],"_links":{"self":[{"href":"https:\/\/www.mendesrodrigues.pt\/mr\/wp-json\/wp\/v2\/product\/16419","targetHints":{"allow":["GET"]}}],"collection":[{"href":"https:\/\/www.mendesrodrigues.pt\/mr\/wp-json\/wp\/v2\/product"}],"about":[{"href":"https:\/\/www.mendesrodrigues.pt\/mr\/wp-json\/wp\/v2\/types\/product"}],"wp:featuredmedia":[{"embeddable":true,"href":"https:\/\/www.mendesrodrigues.pt\/mr\/wp-json\/wp\/v2\/media\/19974"}],"wp:attachment":[{"href":"https:\/\/www.mendesrodrigues.pt\/mr\/wp-json\/wp\/v2\/media?parent=16419"}],"wp:term":[{"taxonomy":"product_brand","embeddable":true,"href":"https:\/\/www.mendesrodrigues.pt\/mr\/wp-json\/wp\/v2\/product_brand?post=16419"},{"taxonomy":"product_cat","embeddable":true,"href":"https:\/\/www.mendesrodrigues.pt\/mr\/wp-json\/wp\/v2\/product_cat?post=16419"},{"taxonomy":"product_tag","embeddable":true,"href":"https:\/\/www.mendesrodrigues.pt\/mr\/wp-json\/wp\/v2\/product_tag?post=16419"}],"curies":[{"name":"wp","href":"https:\/\/api.w.org\/{rel}","templated":true}]}}