{"id":19992,"date":"2020-11-06T18:37:51","date_gmt":"2020-11-06T18:37:51","guid":{"rendered":"https:\/\/www.mendesrodrigues.pt\/mr\/?post_type=product&#038;p=19992"},"modified":"2021-07-16T13:12:23","modified_gmt":"2021-07-16T13:12:23","slug":"pave-hex-cinza6cm","status":"publish","type":"product","link":"https:\/\/www.mendesrodrigues.pt\/mr\/produto\/pave-hex-cinza6cm\/","title":{"rendered":"Pav\u00ea Hexagonal Cinza"},"content":{"rendered":"<p><strong>Descri\u00e7\u00e3o<\/strong>\u00a0:<br \/>\nAs principais vantagens destes pavimentos s\u00e3o:<br \/>\n\u2022 As m\u00faltiplas combina\u00e7\u00f5es poss\u00edveis e a est\u00e9tica do efeito final;<br \/>\n\u2022 A facilidade e rapidez da aplica\u00e7\u00e3o\/repara\u00e7\u00e3o do material;<br \/>\n\u2022 A sua resist\u00eancia e durabilidade;<br \/>\n\u2022 Pav\u00ea de bet\u00e3o dupla camada;<br \/>\n\u2022 Vias pedonais, circula\u00e7\u00e3o de ve\u00edculos e revestimentos de telhados.<\/p>\n<p><strong>Dimens\u00f5es:<br \/>\n<\/strong>Comprimento (C): 17,5 cm<br \/>\nAltura (A): 6 cm<br \/>\nLargura (L): 20,2 cm<\/p>\n<p><strong>Peso:<\/strong>\u00a0140Kg<\/p>\n<p><strong>Vendido em m2<\/strong><\/p>\n","protected":false},"excerpt":{"rendered":"<p><strong>Dimens\u00f5es:<\/strong><\/p>\n[fusion_checklist icon=\"ok\" iconcolor=\"#aaaaaa\" circle=\"no\"]<\/p>\n<p>[fusion_table fusion_table_type=\"2\" fusion_table_rows=\"\" fusion_table_columns=\"\" hide_on_mobile=\"small-visibility,medium-visibility,large-visibility\" class=\"\" id=\"\" animation_type=\"\" animation_direction=\"left\" animation_speed=\"0.3\" animation_offset=\"\"]<\/p>\n<div class=\"table-1\">\n<table style=\"height: 119px;\" width=\"309\">\n<thead>\n<tr>\n<th align=\"left\">Refer\u00eancia<\/th>\n<th align=\"left\">Designa\u00e7\u00e3o<\/th>\n<\/tr>\n<\/thead>\n<tbody>\n<tr>\n<td align=\"left\"><\/td>\n<td align=\"left\">5 cm<\/td>\n<\/tr>\n<tr>\n<td align=\"left\"><\/td>\n<td align=\"left\">6 cm<\/td>\n<\/tr>\n<tr>\n<td align=\"left\"><\/td>\n<td align=\"left\">8 cm<\/td>\n<\/tr>\n<\/tbody>\n<\/table>\n<\/div>\n<p>[\/fusion_table]<\/p>\n<p>[\/fusion_checklist]\n","protected":false},"featured_media":19993,"template":"","meta":[],"product_brand":[],"product_cat":[15,199,179],"product_tag":[],"class_list":{"0":"post-19992","1":"product","2":"type-product","3":"status-publish","4":"has-post-thumbnail","6":"product_cat-todos","7":"product_cat-pave-hexagonal","8":"product_cat-pavimentos","10":"first","11":"instock","12":"shipping-taxable","13":"purchasable","14":"product-type-simple"},"aioseo_notices":[],"_links":{"self":[{"href":"https:\/\/www.mendesrodrigues.pt\/mr\/wp-json\/wp\/v2\/product\/19992","targetHints":{"allow":["GET"]}}],"collection":[{"href":"https:\/\/www.mendesrodrigues.pt\/mr\/wp-json\/wp\/v2\/product"}],"about":[{"href":"https:\/\/www.mendesrodrigues.pt\/mr\/wp-json\/wp\/v2\/types\/product"}],"wp:featuredmedia":[{"embeddable":true,"href":"https:\/\/www.mendesrodrigues.pt\/mr\/wp-json\/wp\/v2\/media\/19993"}],"wp:attachment":[{"href":"https:\/\/www.mendesrodrigues.pt\/mr\/wp-json\/wp\/v2\/media?parent=19992"}],"wp:term":[{"taxonomy":"product_brand","embeddable":true,"href":"https:\/\/www.mendesrodrigues.pt\/mr\/wp-json\/wp\/v2\/product_brand?post=19992"},{"taxonomy":"product_cat","embeddable":true,"href":"https:\/\/www.mendesrodrigues.pt\/mr\/wp-json\/wp\/v2\/product_cat?post=19992"},{"taxonomy":"product_tag","embeddable":true,"href":"https:\/\/www.mendesrodrigues.pt\/mr\/wp-json\/wp\/v2\/product_tag?post=19992"}],"curies":[{"name":"wp","href":"https:\/\/api.w.org\/{rel}","templated":true}]}}