{"id":20186,"date":"2020-11-24T16:23:52","date_gmt":"2020-11-24T16:23:52","guid":{"rendered":"https:\/\/www.mendesrodrigues.pt\/mr\/?post_type=product&#038;p=20186"},"modified":"2021-08-17T16:13:29","modified_gmt":"2021-08-17T16:13:29","slug":"abobadilha2222525","status":"publish","type":"product","link":"https:\/\/www.mendesrodrigues.pt\/mr\/produto\/abobadilha2222525\/","title":{"rendered":"Abobadilha"},"content":{"rendered":"<p><strong>Descri\u00e7\u00e3o<\/strong>\u00a0: ABOBADILHA 22.22,5.25<\/p>\n<p><a href=\"https:\/\/www.mendesrodrigues.pt\/mr\/categoria-produto\/abobadilha\/\">Abobadilha em Leca\u00ae<\/a> fabricada com agregados de argila expandida.<\/p>\n<p>Apresenta maior rentabilidade no custo final da laje, porque \u00e9 um produto com pre\u00e7os competitivos:<br \/>\n\u2022 pela sua leveza e movimenta\u00e7\u00e3o paletizada,<br \/>\n\u2022 pela economia na m\u00e3o de obra.<br \/>\n\u2022 pela sua configura\u00e7\u00e3o geom\u00e9trica,<br \/>\n\u2022 porque reduz os consumos de bet\u00e3o de enchimento e argamassa de revestimento.<\/p>\n<p><strong>Aplica\u00e7\u00e3o t\u00edpica:<\/strong><br \/>\nExecu\u00e7\u00e3o de lajes tradicionais, com <a href=\"https:\/\/www.mendesrodrigues.pt\/mr\/categoria-produto\/abobadilha\/\">Abobadilha em Leca\u00ae<\/a> para aligeiramento de lajes com vigotas pr\u00e9-esfor\u00e7adas .<\/p>\n<p><strong>Dimens\u00f5es:<br \/>\n<\/strong>Comprimento (C): 22 cm<br \/>\nAltura (A): 22,5 cm<br \/>\nLargura (L): 25 cm<\/p>\n<p><strong>Peso:<\/strong>\u00a07Kg<\/p>\n<p><strong>Vendido em unidades<\/strong><\/p>\n<p>QUANTIDADE POR PALETE 80uni<\/p>\n","protected":false},"excerpt":{"rendered":"<p><strong>Dimens\u00f5es:<\/strong><\/p>\n[fusion_checklist icon=\"ok\" iconcolor=\"#aaaaaa\" circle=\"no\"]<\/p>\n<p>[fusion_table fusion_table_type=\"2\" fusion_table_rows=\"\" fusion_table_columns=\"\" hide_on_mobile=\"small-visibility,medium-visibility,large-visibility\" class=\"\" id=\"\" animation_type=\"\" animation_direction=\"left\" animation_speed=\"0.3\" animation_offset=\"\"]<\/p>\n<div class=\"table-1\">\n<table style=\"height: 60px;\" width=\"311\">\n<thead>\n<tr>\n<th align=\"left\">Refer\u00eancia<\/th>\n<th align=\"left\">Designa\u00e7\u00e3o<\/th>\n<\/tr>\n<\/thead>\n<tbody>\n<tr>\n<td align=\"left\">221231<\/td>\n<td align=\"left\">22&#215;22.5&#215;25<\/td>\n<\/tr>\n<\/tbody>\n<\/table>\n<\/div>\n<p>[\/fusion_table]<\/p>\n<p>[\/fusion_checklist]\n","protected":false},"featured_media":20965,"template":"","meta":[],"product_brand":[],"product_cat":[15,184,192],"product_tag":[],"class_list":{"0":"post-20186","1":"product","2":"type-product","3":"status-publish","4":"has-post-thumbnail","6":"product_cat-todos","7":"product_cat-abobadilha","8":"product_cat-abobadilhas","10":"first","11":"instock","12":"shipping-taxable","13":"purchasable","14":"product-type-simple"},"aioseo_notices":[],"_links":{"self":[{"href":"https:\/\/www.mendesrodrigues.pt\/mr\/wp-json\/wp\/v2\/product\/20186","targetHints":{"allow":["GET"]}}],"collection":[{"href":"https:\/\/www.mendesrodrigues.pt\/mr\/wp-json\/wp\/v2\/product"}],"about":[{"href":"https:\/\/www.mendesrodrigues.pt\/mr\/wp-json\/wp\/v2\/types\/product"}],"wp:featuredmedia":[{"embeddable":true,"href":"https:\/\/www.mendesrodrigues.pt\/mr\/wp-json\/wp\/v2\/media\/20965"}],"wp:attachment":[{"href":"https:\/\/www.mendesrodrigues.pt\/mr\/wp-json\/wp\/v2\/media?parent=20186"}],"wp:term":[{"taxonomy":"product_brand","embeddable":true,"href":"https:\/\/www.mendesrodrigues.pt\/mr\/wp-json\/wp\/v2\/product_brand?post=20186"},{"taxonomy":"product_cat","embeddable":true,"href":"https:\/\/www.mendesrodrigues.pt\/mr\/wp-json\/wp\/v2\/product_cat?post=20186"},{"taxonomy":"product_tag","embeddable":true,"href":"https:\/\/www.mendesrodrigues.pt\/mr\/wp-json\/wp\/v2\/product_tag?post=20186"}],"curies":[{"name":"wp","href":"https:\/\/api.w.org\/{rel}","templated":true}]}}