{"id":20208,"date":"2020-11-25T12:03:57","date_gmt":"2020-11-25T12:03:57","guid":{"rendered":"https:\/\/www.mendesrodrigues.pt\/mr\/?post_type=product&#038;p=20208"},"modified":"2021-07-29T14:47:01","modified_gmt":"2021-07-29T14:47:01","slug":"blococonfragem502025","status":"publish","type":"product","link":"https:\/\/www.mendesrodrigues.pt\/mr\/produto\/blococonfragem502025\/","title":{"rendered":"Bloco Confragem"},"content":{"rendered":"","protected":false},"excerpt":{"rendered":"<p>Bloco em\u00a0 bet\u00e3o, fabricado com agregados normais e com um formato especial de forma a permitir a dispensa de cofragem tradicional na execu\u00e7\u00e3o de paredes . \u00c9 essencialmente utilizado em muros de suporte e em piscinas.<\/p>\n<p><strong>Dimens\u00f5es:<\/strong><\/p>\n[fusion_checklist icon=\"ok\" iconcolor=\"#aaaaaa\" circle=\"no\"]<\/p>\n<p>[fusion_table fusion_table_type=\"2\" fusion_table_rows=\"\" fusion_table_columns=\"\" hide_on_mobile=\"small-visibility,medium-visibility,large-visibility\" class=\"\" id=\"\" animation_type=\"\" animation_direction=\"left\" animation_speed=\"0.3\" animation_offset=\"\"]<\/p>\n<div class=\"table-1\">\n<table style=\"height: 119px;\" width=\"309\">\n<thead>\n<tr>\n<th align=\"left\">Refer\u00eancia<\/th>\n<th align=\"left\">Designa\u00e7\u00e3o<\/th>\n<\/tr>\n<\/thead>\n<tbody>\n<tr>\n<td align=\"left\">11178<\/td>\n<td align=\"left\">50x20x20<\/td>\n<\/tr>\n<tr>\n<td align=\"left\">11177<\/td>\n<td align=\"left\">50x20x25<\/td>\n<\/tr>\n<\/tbody>\n<\/table>\n<\/div>\n<p>[\/fusion_table]<\/p>\n<p>[\/fusion_checklist]\n","protected":false},"featured_media":20971,"template":"","meta":[],"product_brand":[],"product_cat":[15,172,197],"product_tag":[],"class_list":{"0":"post-20208","1":"product","2":"type-product","3":"status-publish","4":"has-post-thumbnail","6":"product_cat-todos","7":"product_cat-alvenaria-tradicional","8":"product_cat-bloco-confragem","10":"first","11":"instock","12":"shipping-taxable","13":"purchasable","14":"product-type-simple"},"aioseo_notices":[],"_links":{"self":[{"href":"https:\/\/www.mendesrodrigues.pt\/mr\/wp-json\/wp\/v2\/product\/20208","targetHints":{"allow":["GET"]}}],"collection":[{"href":"https:\/\/www.mendesrodrigues.pt\/mr\/wp-json\/wp\/v2\/product"}],"about":[{"href":"https:\/\/www.mendesrodrigues.pt\/mr\/wp-json\/wp\/v2\/types\/product"}],"wp:featuredmedia":[{"embeddable":true,"href":"https:\/\/www.mendesrodrigues.pt\/mr\/wp-json\/wp\/v2\/media\/20971"}],"wp:attachment":[{"href":"https:\/\/www.mendesrodrigues.pt\/mr\/wp-json\/wp\/v2\/media?parent=20208"}],"wp:term":[{"taxonomy":"product_brand","embeddable":true,"href":"https:\/\/www.mendesrodrigues.pt\/mr\/wp-json\/wp\/v2\/product_brand?post=20208"},{"taxonomy":"product_cat","embeddable":true,"href":"https:\/\/www.mendesrodrigues.pt\/mr\/wp-json\/wp\/v2\/product_cat?post=20208"},{"taxonomy":"product_tag","embeddable":true,"href":"https:\/\/www.mendesrodrigues.pt\/mr\/wp-json\/wp\/v2\/product_tag?post=20208"}],"curies":[{"name":"wp","href":"https:\/\/api.w.org\/{rel}","templated":true}]}}