{"id":20226,"date":"2020-11-25T14:48:48","date_gmt":"2020-11-25T14:48:48","guid":{"rendered":"https:\/\/www.mendesrodrigues.pt\/mr\/?post_type=product&#038;p=20226"},"modified":"2025-03-18T17:07:40","modified_gmt":"2025-03-18T17:07:40","slug":"blocosplitcornatural391919","status":"publish","type":"product","link":"https:\/\/www.mendesrodrigues.pt\/mr\/produto\/blocosplitcornatural391919\/","title":{"rendered":"Bloco Split Cor Natural, Vermelho, Cinza"},"content":{"rendered":"<p><strong>Descri\u00e7\u00e3o:<\/strong>\u00a0\u00c9 caracterizado por uma linha de corte irregular, que produz diversas fracturas nos agregados constituintes do bet\u00e3o. A fractura \u00e9 produzida ap\u00f3s a cura dos blocos.<\/p>\n<p>Blocos de alvenaria de uso corrente, revestida ou com face a vista, aplicada em edif\u00edcios ou obras de engenharia civil. Os blocos podem ser utilizados em diversos tipos de paredes incluindo simples, paredes duplas, paredes divis\u00f3rias, paredes de suporte e funda\u00e7\u00f5es.<\/p>\n<p>Podem ser utilizados em paredes interiores fazendo grande efeito decorativo.<br \/>\nA grande vantagem utilizado no interior ou exterior \u00e9 que n\u00e3o necessita de reboco nem pintura.<\/p>\n<p><strong>Dispon\u00edvel nas cores:<\/strong><br \/>\nCinzento;<br \/>\nLioz;<br \/>\nAmarelo;<br \/>\nVermelho.<\/p>\n<p><strong>Dimens\u00f5es:<\/strong><br \/>\nComprimento (C): 50 cm<br \/>\nAltura (A): 20 cm<br \/>\nLargura (L): 20 cm<\/p>\n<p><strong>Peso:<\/strong>\u00a018Kg<\/p>\n<p><strong>Vendido em unidades<\/strong><\/p>\n","protected":false},"excerpt":{"rendered":"<p><strong>Dimens\u00f5es:<\/strong><\/p>\n[fusion_checklist icon=\"ok\" iconcolor=\"#aaaaaa\" circle=\"no\"]<\/p>\n<p>[fusion_table fusion_table_type=\"2\" fusion_table_rows=\"\" fusion_table_columns=\"\" hide_on_mobile=\"small-visibility,medium-visibility,large-visibility\" class=\"\" id=\"\" animation_type=\"\" animation_direction=\"left\" animation_speed=\"0.3\" animation_offset=\"\"]<\/p>\n<div class=\"table-1\">\n<table style=\"height: 60px;\" width=\"389\">\n<thead>\n<tr>\n<th align=\"left\">Refer\u00eancia<\/th>\n<th align=\"left\">Designa\u00e7\u00e3o<\/th>\n<\/tr>\n<\/thead>\n<tbody>\n<tr>\n<td align=\"left\"><\/td>\n<td align=\"left\">50x20x20<\/td>\n<\/tr>\n<\/tbody>\n<\/table>\n<\/div>\n<p>[\/fusion_table]<\/p>\n<p>[\/fusion_checklist]\n","protected":false},"featured_media":0,"template":"","meta":[],"product_brand":[],"product_cat":[15,173],"product_tag":[],"class_list":{"0":"post-20226","1":"product","2":"type-product","3":"status-publish","5":"product_cat-todos","6":"product_cat-bloco-split","8":"first","9":"instock","10":"shipping-taxable","11":"purchasable","12":"product-type-simple"},"aioseo_notices":[],"_links":{"self":[{"href":"https:\/\/www.mendesrodrigues.pt\/mr\/wp-json\/wp\/v2\/product\/20226","targetHints":{"allow":["GET"]}}],"collection":[{"href":"https:\/\/www.mendesrodrigues.pt\/mr\/wp-json\/wp\/v2\/product"}],"about":[{"href":"https:\/\/www.mendesrodrigues.pt\/mr\/wp-json\/wp\/v2\/types\/product"}],"wp:attachment":[{"href":"https:\/\/www.mendesrodrigues.pt\/mr\/wp-json\/wp\/v2\/media?parent=20226"}],"wp:term":[{"taxonomy":"product_brand","embeddable":true,"href":"https:\/\/www.mendesrodrigues.pt\/mr\/wp-json\/wp\/v2\/product_brand?post=20226"},{"taxonomy":"product_cat","embeddable":true,"href":"https:\/\/www.mendesrodrigues.pt\/mr\/wp-json\/wp\/v2\/product_cat?post=20226"},{"taxonomy":"product_tag","embeddable":true,"href":"https:\/\/www.mendesrodrigues.pt\/mr\/wp-json\/wp\/v2\/product_tag?post=20226"}],"curies":[{"name":"wp","href":"https:\/\/api.w.org\/{rel}","templated":true}]}}