{"id":20242,"date":"2020-11-25T16:51:06","date_gmt":"2020-11-25T16:51:06","guid":{"rendered":"https:\/\/www.mendesrodrigues.pt\/mr\/?post_type=product&#038;p=20242"},"modified":"2021-08-17T15:23:56","modified_gmt":"2021-08-17T15:23:56","slug":"floreirascastanhas","status":"publish","type":"product","link":"https:\/\/www.mendesrodrigues.pt\/mr\/produto\/floreirascastanhas\/","title":{"rendered":"Floreiras Castanhas"},"content":{"rendered":"<p><strong>Descri\u00e7\u00e3o:<\/strong><br \/>\nFloreiras que servem para constru\u00e7\u00e3o de muros de suporte de terras ou prote\u00e7\u00e3o de taludes.<br \/>\nA Floreira \u00e9 fabricada em bet\u00e3o. Poder\u00e1 ser preenchida com solo vegetal ou outro inerte.<br \/>\nDe espa\u00e7os verdes, com est\u00e9tica e funcionalidade, bem como suporte ligeiro de terras e embelezamento de taludes.<\/p>\n<p><strong>Dimens\u00f5es:<\/strong><br \/>\nComprimento (C): 49,5 cm<br \/>\nAltura (A): 40 cm<br \/>\nLargura (L): 31 cm<\/p>\n<p><strong>Peso:<\/strong>\u00a050Kg<\/p>\n<p><strong>Vendido em unidades<\/strong><\/p>\n","protected":false},"excerpt":{"rendered":"<p><strong>Dimens\u00f5es:<\/strong><\/p>\n[fusion_checklist icon=\"ok\" iconcolor=\"#aaaaaa\" circle=\"no\"]<\/p>\n<p>[fusion_table fusion_table_type=\"2\" fusion_table_rows=\"\" fusion_table_columns=\"\" hide_on_mobile=\"small-visibility,medium-visibility,large-visibility\" class=\"\" id=\"\" animation_type=\"\" animation_direction=\"left\" animation_speed=\"0.3\" animation_offset=\"\"]<\/p>\n<div class=\"table-1\">\n<table style=\"height: 60px;\" width=\"389\">\n<thead>\n<tr>\n<th align=\"left\">Refer\u00eancia<\/th>\n<th align=\"left\">Designa\u00e7\u00e3o<\/th>\n<\/tr>\n<\/thead>\n<tbody>\n<tr>\n<td align=\"left\">25<\/td>\n<td align=\"left\">49.5x40x31<\/td>\n<\/tr>\n<\/tbody>\n<\/table>\n<\/div>\n<p>[\/fusion_table]<\/p>\n<p>[\/fusion_checklist]\n","protected":false},"featured_media":20961,"template":"","meta":[],"product_brand":[],"product_cat":[15,177,186],"product_tag":[],"class_list":{"0":"post-20242","1":"product","2":"type-product","3":"status-publish","4":"has-post-thumbnail","6":"product_cat-todos","7":"product_cat-floreiras-suporte","8":"product_cat-muros-suporte","10":"first","11":"instock","12":"shipping-taxable","13":"purchasable","14":"product-type-simple"},"aioseo_notices":[],"_links":{"self":[{"href":"https:\/\/www.mendesrodrigues.pt\/mr\/wp-json\/wp\/v2\/product\/20242","targetHints":{"allow":["GET"]}}],"collection":[{"href":"https:\/\/www.mendesrodrigues.pt\/mr\/wp-json\/wp\/v2\/product"}],"about":[{"href":"https:\/\/www.mendesrodrigues.pt\/mr\/wp-json\/wp\/v2\/types\/product"}],"wp:featuredmedia":[{"embeddable":true,"href":"https:\/\/www.mendesrodrigues.pt\/mr\/wp-json\/wp\/v2\/media\/20961"}],"wp:attachment":[{"href":"https:\/\/www.mendesrodrigues.pt\/mr\/wp-json\/wp\/v2\/media?parent=20242"}],"wp:term":[{"taxonomy":"product_brand","embeddable":true,"href":"https:\/\/www.mendesrodrigues.pt\/mr\/wp-json\/wp\/v2\/product_brand?post=20242"},{"taxonomy":"product_cat","embeddable":true,"href":"https:\/\/www.mendesrodrigues.pt\/mr\/wp-json\/wp\/v2\/product_cat?post=20242"},{"taxonomy":"product_tag","embeddable":true,"href":"https:\/\/www.mendesrodrigues.pt\/mr\/wp-json\/wp\/v2\/product_tag?post=20242"}],"curies":[{"name":"wp","href":"https:\/\/api.w.org\/{rel}","templated":true}]}}