{"id":20250,"date":"2020-11-25T17:59:45","date_gmt":"2020-11-25T17:59:45","guid":{"rendered":"https:\/\/www.mendesrodrigues.pt\/mr\/?post_type=product&#038;p=20250"},"modified":"2021-08-17T14:58:33","modified_gmt":"2021-08-17T14:58:33","slug":"grelha-de-enrelvamento-cinza-60x40x8","status":"publish","type":"product","link":"https:\/\/www.mendesrodrigues.pt\/mr\/produto\/grelha-de-enrelvamento-cinza-60x40x8\/","title":{"rendered":"Grelha de Enrelvamento Cinza"},"content":{"rendered":"<p><strong>Descri\u00e7\u00e3o:<\/strong>\u00a0A aplica\u00e7\u00e3o das grelhas de enrelvamento \u00e9 variada, est\u00e3o particularmente indicadas para espa\u00e7os verdes e jardins, zonas de circula\u00e7\u00e3o pedonal, \u00e1reas de estacionamento.<\/p>\n<p>Esta \u00e9 uma solu\u00e7\u00e3o verdadeiramente ecol\u00f3gica , torna os terrenos transit\u00e1veis e mant\u00e9m a permeabilidade dos solos.<\/p>\n<p>A pavimenta\u00e7\u00e3o com grelhas de enrelvamento difere dos outros pavimentos por apresentar melhor desempenho no ponto de visita ambiental, est\u00e9tico e econ\u00f3mico.<\/p>\n<p><strong>Definem-se como principais aplica\u00e7\u00f5es as enumeradas a seguir:<\/strong><br \/>\n\u2022 Arranjos exteriores;<br \/>\n\u2022 Vias para circula\u00e7\u00e3o de ve\u00edculos;<br \/>\n\u2022 Entradas de garagens;<br \/>\n\u2022 Parques de estacionamento;<br \/>\n\u2022 Arruamentos;<br \/>\n\u2022 Esta\u00e7\u00f5es de servi\u00e7o;<br \/>\n\u2022 Jardins;<\/p>\n<p><strong>Dimens\u00f5es:<br \/>\n<\/strong>Comprimento (C): 60 cm<br \/>\nAltura (A): 8 cm<br \/>\nLargura (L): 40 cm<\/p>\n<p><strong>Peso:<\/strong> Kg<\/p>\n<p><strong>Vendido em m2<\/strong><\/p>\n","protected":false},"excerpt":{"rendered":"<p><strong>Dimens\u00f5es:<\/strong><\/p>\n[fusion_checklist icon=\"ok\" iconcolor=\"#aaaaaa\" circle=\"no\"]<\/p>\n<p>[fusion_table fusion_table_type=\"2\" fusion_table_rows=\"\" fusion_table_columns=\"\" hide_on_mobile=\"small-visibility,medium-visibility,large-visibility\" class=\"\" id=\"\" animation_type=\"\" animation_direction=\"left\" animation_speed=\"0.3\" animation_offset=\"\"]<\/p>\n<div class=\"table-1\">\n<table style=\"height: 58px;\" width=\"316\">\n<thead>\n<tr>\n<th align=\"left\">Refer\u00eancia<\/th>\n<th align=\"left\">Designa\u00e7\u00e3o<\/th>\n<\/tr>\n<\/thead>\n<tbody>\n<tr>\n<td align=\"left\">14<\/td>\n<td align=\"left\">60x40x8<\/td>\n<\/tr>\n<tr>\n<td align=\"left\">144<\/td>\n<td align=\"left\">60x40x10<\/td>\n<\/tr>\n<\/tbody>\n<\/table>\n<\/div>\n<p>[\/fusion_table]<\/p>\n<p>[\/fusion_checklist]\n","protected":false},"featured_media":19981,"template":"","meta":[],"product_brand":[],"product_cat":[15,208,179],"product_tag":[],"class_list":{"0":"post-20250","1":"product","2":"type-product","3":"status-publish","4":"has-post-thumbnail","6":"product_cat-todos","7":"product_cat-grelha-enrelvamento","8":"product_cat-pavimentos","10":"first","11":"instock","12":"shipping-taxable","13":"purchasable","14":"product-type-simple"},"aioseo_notices":[],"_links":{"self":[{"href":"https:\/\/www.mendesrodrigues.pt\/mr\/wp-json\/wp\/v2\/product\/20250","targetHints":{"allow":["GET"]}}],"collection":[{"href":"https:\/\/www.mendesrodrigues.pt\/mr\/wp-json\/wp\/v2\/product"}],"about":[{"href":"https:\/\/www.mendesrodrigues.pt\/mr\/wp-json\/wp\/v2\/types\/product"}],"wp:featuredmedia":[{"embeddable":true,"href":"https:\/\/www.mendesrodrigues.pt\/mr\/wp-json\/wp\/v2\/media\/19981"}],"wp:attachment":[{"href":"https:\/\/www.mendesrodrigues.pt\/mr\/wp-json\/wp\/v2\/media?parent=20250"}],"wp:term":[{"taxonomy":"product_brand","embeddable":true,"href":"https:\/\/www.mendesrodrigues.pt\/mr\/wp-json\/wp\/v2\/product_brand?post=20250"},{"taxonomy":"product_cat","embeddable":true,"href":"https:\/\/www.mendesrodrigues.pt\/mr\/wp-json\/wp\/v2\/product_cat?post=20250"},{"taxonomy":"product_tag","embeddable":true,"href":"https:\/\/www.mendesrodrigues.pt\/mr\/wp-json\/wp\/v2\/product_tag?post=20250"}],"curies":[{"name":"wp","href":"https:\/\/api.w.org\/{rel}","templated":true}]}}