{"id":20251,"date":"2020-11-25T18:06:39","date_gmt":"2020-11-25T18:06:39","guid":{"rendered":"https:\/\/www.mendesrodrigues.pt\/mr\/?post_type=product&#038;p=20251"},"modified":"2021-07-16T10:59:21","modified_gmt":"2021-07-16T10:59:21","slug":"lajetabetao60406","status":"publish","type":"product","link":"https:\/\/www.mendesrodrigues.pt\/mr\/produto\/lajetabetao60406\/","title":{"rendered":"Lajeta em Bet\u00e3o"},"content":{"rendered":"<p><strong>Descri\u00e7\u00e3o<\/strong>\u00a0: Definem-se como principais aplica\u00e7\u00f5es as enumeradas a seguir, n\u00e3o excluindo a possibilidade de outras: vias pedonais, vias para circula\u00e7\u00e3o de ve\u00edculos, revestimento de coberturas, etc. Facilidade de aplica\u00e7\u00e3o em caso de necessidade, podem ser levantadas, retiradas e recolocadas.<\/p>\n<p><strong>Solu\u00e7\u00f5es:<br \/>\n<\/strong>econ\u00f3micas;<br \/>\nest\u00e9ticas no exterior;<br \/>\npaisagismo profissional;<\/p>\n<p><strong>Vantagens:<br \/>\n<\/strong>N\u00e3o necessita de m\u00e3o de obra especial na aplica\u00e7\u00e3o;<br \/>\nLonga Durabilidade;<br \/>\nBaixo Custo e Facilidade de aplica\u00e7\u00e3o;<br \/>\nIdeais para uso em jardins, Terra\u00e7os, etc;<br \/>\nDecora\u00e7\u00e3o e Est\u00e9tica;<br \/>\nAs lagetas assentes com areia permitem uma drenagem de aguas muito rapidamente.<\/p>\n<p><strong>Cores dispon\u00edveis<\/strong>:<br \/>\nAmarelo<br \/>\nVermelho<br \/>\nCinzento,<br \/>\nVerde<br \/>\nCastanho<\/p>\n<p><strong>Dimens\u00f5es:<\/strong><br \/>\nComprimento (C): 60 cm<br \/>\nAltura (A): 6 cm<br \/>\nLargura (L): 40 cm<br \/>\nPeso: Kg<\/p>\n<p><strong>Vendido em unidades<\/strong><\/p>\n","protected":false},"excerpt":{"rendered":"<p><strong>Dimens\u00f5es:<\/strong><\/p>\n[fusion_checklist icon=\"ok\" iconcolor=\"#aaaaaa\" circle=\"no\"]<\/p>\n<p>[fusion_table fusion_table_type=\"2\" fusion_table_rows=\"\" fusion_table_columns=\"\" hide_on_mobile=\"small-visibility,medium-visibility,large-visibility\" class=\"\" id=\"\" animation_type=\"\" animation_direction=\"left\" animation_speed=\"0.3\" animation_offset=\"\"]<\/p>\n<div class=\"table-1\">\n<table style=\"height: 58px;\" width=\"316\">\n<thead>\n<tr>\n<th align=\"left\">Refer\u00eancia<\/th>\n<th align=\"left\">Designa\u00e7\u00e3o<\/th>\n<\/tr>\n<\/thead>\n<tbody>\n<tr>\n<td align=\"left\"><\/td>\n<td align=\"left\">\u00a060x40x6<\/td>\n<\/tr>\n<\/tbody>\n<\/table>\n<\/div>\n<p>[\/fusion_table]<\/p>\n<p>[\/fusion_checklist]\n","protected":false},"featured_media":21043,"template":"","meta":[],"product_brand":[],"product_cat":[15,179],"product_tag":[],"class_list":{"0":"post-20251","1":"product","2":"type-product","3":"status-publish","4":"has-post-thumbnail","6":"product_cat-todos","7":"product_cat-pavimentos","9":"first","10":"instock","11":"shipping-taxable","12":"purchasable","13":"product-type-simple"},"aioseo_notices":[],"_links":{"self":[{"href":"https:\/\/www.mendesrodrigues.pt\/mr\/wp-json\/wp\/v2\/product\/20251","targetHints":{"allow":["GET"]}}],"collection":[{"href":"https:\/\/www.mendesrodrigues.pt\/mr\/wp-json\/wp\/v2\/product"}],"about":[{"href":"https:\/\/www.mendesrodrigues.pt\/mr\/wp-json\/wp\/v2\/types\/product"}],"wp:featuredmedia":[{"embeddable":true,"href":"https:\/\/www.mendesrodrigues.pt\/mr\/wp-json\/wp\/v2\/media\/21043"}],"wp:attachment":[{"href":"https:\/\/www.mendesrodrigues.pt\/mr\/wp-json\/wp\/v2\/media?parent=20251"}],"wp:term":[{"taxonomy":"product_brand","embeddable":true,"href":"https:\/\/www.mendesrodrigues.pt\/mr\/wp-json\/wp\/v2\/product_brand?post=20251"},{"taxonomy":"product_cat","embeddable":true,"href":"https:\/\/www.mendesrodrigues.pt\/mr\/wp-json\/wp\/v2\/product_cat?post=20251"},{"taxonomy":"product_tag","embeddable":true,"href":"https:\/\/www.mendesrodrigues.pt\/mr\/wp-json\/wp\/v2\/product_tag?post=20251"}],"curies":[{"name":"wp","href":"https:\/\/api.w.org\/{rel}","templated":true}]}}